{"id":274,"date":"2018-04-24T22:50:12","date_gmt":"2018-04-24T19:50:12","guid":{"rendered":"https:\/\/www.studios-stavros.gr\/contact\/"},"modified":"2019-09-02T10:20:40","modified_gmt":"2019-09-02T07:20:40","slug":"contact","status":"publish","type":"page","link":"https:\/\/www.studios-stavros.gr\/fr\/contact\/","title":{"rendered":"Contact"},"content":{"rendered":"<div class=\"wpb-content-wrapper\"><p>[vc_row][vc_column][rev_slider_vc alias=\u00a0\u00bbcontact_en\u00a0\u00bb][\/vc_column][\/vc_row][vc_row][vc_column width=\u00a0\u00bb1\/3&Prime;]<div class=\"porto-feature-box wpb_content_element  mb-0\"><div class=\"feature-box feature-box-primary feature-box-style-2\"><div class=\"feature-box-icon feature-box-icon-primary\"><i class=\"Simple-Line-Icons-location-pin text-color-primary\" style=\"font-size:27px\"><\/i><\/div><div class=\"feature-box-info\">[vc_custom_heading text=\u00a0\u00bbAdresse\u00a0\u00bb font_container=\u00a0\u00bbtag:h4|text_align:left\u00a0\u00bb use_theme_fonts=\u00a0\u00bbyes\u00a0\u00bb el_class=\u00a0\u00bbm-b-sm font-weight-normal\u00a0\u00bb][vc_column_text el_class=\u00a0\u00bbfont-size-lg\u00a0\u00bb]Logaras,<br \/>\nL&rsquo;\u00eele de Paros 84400 Gr\u00e8ce[\/vc_column_text]<\/div><\/div><\/div>[\/vc_column][vc_column width=\u00a0\u00bb1\/3&Prime;]<div class=\"porto-feature-box wpb_content_element  mb-0\"><div class=\"feature-box feature-box-primary feature-box-style-2\"><div class=\"feature-box-icon feature-box-icon-primary\"><i class=\"Simple-Line-Icons-phone text-color-primary\" style=\"font-size:27px\"><\/i><\/div><div class=\"feature-box-info\">[vc_custom_heading text=\u00a0\u00bb\u03a4\u00e9l\u00e9phone\u00a0\u00bb font_container=\u00a0\u00bbtag:h4|text_align:left\u00a0\u00bb use_theme_fonts=\u00a0\u00bbyes\u00a0\u00bb el_class=\u00a0\u00bbm-b-sm font-weight-normal\u00a0\u00bb][vc_column_text el_class=\u00a0\u00bbfont-size-lg\u00a0\u00bb]\u03a4\u00e9l\u00e9phone d&rsquo;hiver: (+30) 210 5024989<br \/>\nT\u00e9l\u00e9phone d&rsquo;\u00e9t\u00e9  : (+30) 2284 041107<br \/>\nMobile: (+30) 6948059378<br \/>\nMobile: (+30) 6948517222[\/vc_column_text]<\/div><\/div><\/div>[\/vc_column][vc_column width=\u00a0\u00bb1\/3&Prime;]<div class=\"porto-feature-box wpb_content_element  mb-0\"><div class=\"feature-box feature-box-primary feature-box-style-2\"><div class=\"feature-box-icon feature-box-icon-primary\"><i class=\"Simple-Line-Icons-envelope text-color-primary\" style=\"font-size:27px\"><\/i><\/div><div class=\"feature-box-info\">[vc_custom_heading text=\u00a0\u00bbEmail\u00a0\u00bb font_container=\u00a0\u00bbtag:h4|font_size:20|text_align:left\u00a0\u00bb use_theme_fonts=\u00a0\u00bbyes\u00a0\u00bb el_class=\u00a0\u00bbm-b-sm font-weight-normal\u00a0\u00bb][vc_column_text el_class=\u00a0\u00bbfont-size-lg\u00a0\u00bb]<\/p>\n<p class=\"font-size-lg\"><a class=\"text-decoration-none\" href=\"info@studios-stavros.gr\">info@studios-stavros.gr<\/a><\/p>\n<p>[\/vc_column_text]<\/div><\/div><\/div>[\/vc_column][\/vc_row][vc_row][vc_column][vc_separator color=\u00a0\u00bbcustom\u00a0\u00bb style=\u00a0\u00bbsolid\u00a0\u00bb gap=\u00a0\u00bbtall\u00a0\u00bb el_class=\u00a0\u00bbm-t-sm\u00a0\u00bb][\/vc_column][\/vc_row][vc_row][vc_column width=\u00a0\u00bb1\/2&Prime;]<div id='wrap_map_69dfdcb40714d' class='porto-map-wrapper porto-adjust-bottom-margin m-b-lg' style='height:400px;'><div id='map_69dfdcb40714d' data-map_override='0' class='porto_google_map page_margin_top' style='width:100%;height:400px;'><\/div><\/div><script>\r\n( function() {\r\n\tvar porto_init_map = function() {\r\n\t\t( function( $ ) {\r\n\t\t\t'use strict';\r\n\t\t\tif (typeof google == 'undefined') {\r\n\t\t\t\treturn;\r\n\t\t\t}\r\n\t\t\tvar map_map_69dfdcb40714d = null;\r\n\t\t\tvar coordinate_map_69dfdcb40714d;\r\n\t\t\ttry {\r\n\t\t\t\tcoordinate_map_69dfdcb40714d=new google.maps.LatLng(37.034557, 25.257053);\r\n\t\t\t\tvar isDraggable = $(document).width() > 640 ? true : false;\r\n\t\t\t\tvar mapOptions = {\r\n\t\t\t\t\tzoom: 16,\r\n\t\t\t\t\tcenter: coordinate_map_69dfdcb40714d,\r\n\t\t\t\t\tscaleControl: true,\r\n\t\t\t\t\tstreetViewControl: true,\r\n\t\t\t\t\tmapTypeControl: true,\r\n\t\t\t\t\tpanControl: false,\r\n\t\t\t\t\tzoomControl: true,\r\n\t\t\t\t\tscrollwheel: false,\r\n\t\t\t\t\tdraggable: isDraggable,\r\n\t\t\t\t\tzoomControlOptions: {\r\n\t\t\t\t\t\tposition: google.maps.ControlPosition.RIGHT_BOTTOM\r\n\t\t\t\t\t}, mapTypeControlOptions: {\r\n\t\t\t\t\t\t\tmapTypeIds: [google.maps.MapTypeId.ROADMAP, 'map_style']\r\n\t\t\t\t\t\t}};var styles = [{\"featureType\":\"water\",\"elementType\":\"geometry\",\"stylers\":[{\"color\":\"#e9e9e9\"},{\"lightness\":17}]},{\"featureType\":\"landscape\",\"elementType\":\"geometry\",\"stylers\":[{\"color\":\"#f5f5f5\"},{\"lightness\":20}]},{\"featureType\":\"road.highway\",\"elementType\":\"geometry.fill\",\"stylers\":[{\"color\":\"#ffffff\"},{\"lightness\":17}]},{\"featureType\":\"road.highway\",\"elementType\":\"geometry.stroke\",\"stylers\":[{\"color\":\"#ffffff\"},{\"lightness\":29},{\"weight\":0.2}]},{\"featureType\":\"road.arterial\",\"elementType\":\"geometry\",\"stylers\":[{\"color\":\"#ffffff\"},{\"lightness\":18}]},{\"featureType\":\"road.local\",\"elementType\":\"geometry\",\"stylers\":[{\"color\":\"#ffffff\"},{\"lightness\":16}]},{\"featureType\":\"poi\",\"elementType\":\"geometry\",\"stylers\":[{\"color\":\"#f5f5f5\"},{\"lightness\":21}]},{\"featureType\":\"poi.park\",\"elementType\":\"geometry\",\"stylers\":[{\"color\":\"#dedede\"},{\"lightness\":21}]},{\"elementType\":\"labels.text.stroke\",\"stylers\":[{\"visibility\":\"on\"},{\"color\":\"#ffffff\"},{\"lightness\":16}]},{\"elementType\":\"labels.text.fill\",\"stylers\":[{\"saturation\":36},{\"color\":\"#333333\"},{\"lightness\":40}]},{\"elementType\":\"labels.icon\",\"stylers\":[{\"visibility\":\"off\"}]},{\"featureType\":\"transit\",\"elementType\":\"geometry\",\"stylers\":[{\"color\":\"#f2f2f2\"},{\"lightness\":19}]},{\"featureType\":\"administrative\",\"elementType\":\"geometry.fill\",\"stylers\":[{\"color\":\"#fefefe\"},{\"lightness\":20}]},{\"featureType\":\"administrative\",\"elementType\":\"geometry.stroke\",\"stylers\":[{\"color\":\"#fefefe\"},{\"lightness\":17},{\"weight\":1.2}]}];\r\n\t\t\t\t\t\tvar styledMap = new google.maps.StyledMapType(styles,\r\n\t\t\t\t\t\t\t{name: \"Styled Map\"});var map_map_69dfdcb40714d = new google.maps.Map(document.getElementById('map_69dfdcb40714d'),mapOptions);map_map_69dfdcb40714d.mapTypes.set('map_style', styledMap);\r\n\t\t\t\t\t\t\t map_map_69dfdcb40714d.setMapTypeId('map_style');\r\n\t\t\t\t\t\tvar x = 'off';\r\n\t\t\t\t\t\tvar marker_map_69dfdcb40714d = new google.maps.Marker({\r\n\t\t\t\t\t\tposition: new google.maps.LatLng(37.034557, 25.257053),\r\n\t\t\t\t\t\tanimation:  google.maps.Animation.DROP,\r\n\t\t\t\t\t\tmap: map_map_69dfdcb40714d,\r\n\t\t\t\t\t\ticon: 'https:\/\/www.studios-stavros.gr\/wp-content\/uploads\/2016\/09\/pin.png'\r\n\t\t\t\t\t});\r\n\t\t\t\t\tgoogle.maps.event.addListener(marker_map_69dfdcb40714d, 'click', toggleBounce);var infowindow = new google.maps.InfoWindow();\r\n\t\t\t\t\t\t\tinfowindow.setContent('<div class=\"map_info_text\" style=\\'color:#000;\\'><strong>Studio Stavros<\/strong> Logaras, Paros island 84400 Greece<\/div>');infowindow.open(map_map_69dfdcb40714d,marker_map_69dfdcb40714d);google.maps.event.addListener(marker_map_69dfdcb40714d, 'click', function() {\r\n\t\t\t\t\t\t\t\tinfowindow.open(map_map_69dfdcb40714d,marker_map_69dfdcb40714d);\r\n\t\t\t\t\t\t\t});}\r\n\t\t\tcatch(e){};\r\n\t\t\tgoogle.maps.event.trigger(map_map_69dfdcb40714d, 'resize');\r\n\t\t\t$(window).on('resize', function(){\r\n\t\t\t\tgoogle.maps.event.trigger(map_map_69dfdcb40714d, 'resize');\r\n\t\t\t\tif(map_map_69dfdcb40714d!=null) {\r\n\t\t\t\t\tmap_map_69dfdcb40714d.setCenter(coordinate_map_69dfdcb40714d);\r\n\t\t\t\t}\r\n\t\t\t});\r\n\t\t\t$('.ui-tabs').on('tabsactivate', function(event, ui) {\r\n\t\t\t   if($(this).find('.porto-map-wrapper').length > 0)\r\n\t\t\t\t{\r\n\t\t\t\t\tsetTimeout(function(){\r\n\t\t\t\t\t\t$(window).trigger('resize');\r\n\t\t\t\t\t},200);\r\n\t\t\t\t}\r\n\t\t\t});\r\n\t\t\t$('.ui-accordion').on('accordionactivate', function(event, ui) {\r\n\t\t\t\tif($(this).find('.porto-map-wrapper').length > 0) {\r\n\t\t\t\t\tsetTimeout(function(){\r\n\t\t\t\t\t\t$(window).trigger('resize');\r\n\t\t\t\t\t},200);\r\n\t\t\t\t}\r\n\t\t\t});\r\n\t\t\t$(document).on('onPortoModalPopupOpen', function(){\r\n\t\t\t\tif($(map_map_69dfdcb40714d).parents('.porto_modal-content')) {\r\n\t\t\t\t\tsetTimeout(function(){\r\n\t\t\t\t\t\t$(window).trigger('resize');\r\n\t\t\t\t\t},200);\r\n\t\t\t\t}\r\n\t\t\t});\r\n\t\t\tfunction toggleBounce() {\r\n\t\t\t\tif (marker_map_69dfdcb40714d.getAnimation() != null) {\r\n\t\t\t\t\tmarker_map_69dfdcb40714d.setAnimation(null);\r\n\t\t\t\t} else {\r\n\t\t\t\t\tmarker_map_69dfdcb40714d.setAnimation(google.maps.Animation.BOUNCE);\r\n\t\t\t\t}\r\n\t\t\t}\r\n\t\t} )( window.jQuery );\r\n\t};\r\n\r\n\tif ( window.jQuery ) {\r\n\t\tjQuery( document ).ready(function() {\r\n\t\t\tporto_init_map();\r\n\t\t} );\r\n\t} else {\r\n\t\tdocument.addEventListener( 'DOMContentLoaded', porto_init_map );\r\n\t}\r\n\r\n\twindow.addEventListener( 'load', function() {\r\n\t\tsetTimeout( function() {\r\n\t\t\tjQuery( window ).trigger( 'resize' );\r\n\t\t}, 200 );\r\n\t} );\r\n} )();\r\n<\/script>[\/vc_column][vc_column width=\u00a0\u00bb1\/2&Prime;]\n<div class=\"wpcf7 no-js\" id=\"wpcf7-f626-o1\" lang=\"el\" dir=\"ltr\" data-wpcf7-id=\"626\">\n<div class=\"screen-reader-response\"><p role=\"status\" aria-live=\"polite\" aria-atomic=\"true\"><\/p> <ul><\/ul><\/div>\n<form action=\"\/fr\/wp-json\/wp\/v2\/pages\/274#wpcf7-f626-o1\" method=\"post\" class=\"wpcf7-form init\" aria-label=\"\u03a6\u03cc\u03c1\u03bc\u03b1 \u03b5\u03c0\u03b9\u03ba\u03bf\u03b9\u03bd\u03c9\u03bd\u03af\u03b1\u03c2\" novalidate=\"novalidate\" data-status=\"init\">\n<fieldset class=\"hidden-fields-container\"><input type=\"hidden\" name=\"_wpcf7\" value=\"626\" \/><input type=\"hidden\" name=\"_wpcf7_version\" value=\"6.1.5\" \/><input type=\"hidden\" name=\"_wpcf7_locale\" value=\"el\" \/><input type=\"hidden\" name=\"_wpcf7_unit_tag\" value=\"wpcf7-f626-o1\" \/><input type=\"hidden\" name=\"_wpcf7_container_post\" value=\"0\" \/><input type=\"hidden\" name=\"_wpcf7_posted_data_hash\" value=\"\" \/>\n<\/fieldset>\n<label> Your name (required)\n    <span class=\"wpcf7-form-control-wrap\" data-name=\"your-name\"><input size=\"40\" maxlength=\"400\" class=\"wpcf7-form-control wpcf7-text wpcf7-validates-as-required\" aria-required=\"true\" aria-invalid=\"false\" value=\"\" type=\"text\" name=\"your-name\" \/><\/span> <\/label>\n\n<label> Your email (required)\n    <span class=\"wpcf7-form-control-wrap\" data-name=\"your-email\"><input size=\"40\" maxlength=\"400\" class=\"wpcf7-form-control wpcf7-email wpcf7-validates-as-required wpcf7-text wpcf7-validates-as-email\" aria-required=\"true\" aria-invalid=\"false\" value=\"\" type=\"email\" name=\"your-email\" \/><\/span> <\/label>\n\n<label> Subject\n    <span class=\"wpcf7-form-control-wrap\" data-name=\"your-subject\"><input size=\"40\" maxlength=\"400\" class=\"wpcf7-form-control wpcf7-text\" aria-invalid=\"false\" value=\"\" type=\"text\" name=\"your-subject\" \/><\/span> <\/label>\n\n<label> Your Message\n    <span class=\"wpcf7-form-control-wrap\" data-name=\"your-message\"><textarea cols=\"40\" rows=\"10\" maxlength=\"2000\" class=\"wpcf7-form-control wpcf7-textarea\" aria-invalid=\"false\" name=\"your-message\"><\/textarea><\/span> <\/label>\n\n<input class=\"wpcf7-form-control wpcf7-submit has-spinner\" type=\"submit\" value=\"Send\" \/><div class=\"wpcf7-response-output\" aria-hidden=\"true\"><\/div>\n<\/form>\n<\/div>\n[\/vc_column][\/vc_row][vc_row][vc_column][vc_column_text]<\/p>\n<p>[\/vc_column_text][\/vc_column][\/vc_row]<\/p>\n<\/div>","protected":false},"excerpt":{"rendered":"<p>[vc_row][vc_column][rev_slider_vc alias=\u00a0\u00bbcontact_en\u00a0\u00bb][\/vc_column][\/vc_row][vc_row][vc_column width=\u00a0\u00bb1\/3&Prime;][\/vc_column][vc_column width=\u00a0\u00bb1\/3&Prime;][\/vc_column][vc_column width=\u00a0\u00bb1\/3&Prime;][\/vc_column][\/vc_row][vc_row][vc_column][vc_separator color=\u00a0\u00bbcustom\u00a0\u00bb style=\u00a0\u00bbsolid\u00a0\u00bb gap=\u00a0\u00bbtall\u00a0\u00bb el_class=\u00a0\u00bbm-t-sm\u00a0\u00bb][\/vc_column][\/vc_row][vc_row][vc_column width=\u00a0\u00bb1\/2&Prime;][\/vc_column][vc_column width=\u00a0\u00bb1\/2&Prime;][\/vc_column][\/vc_row][vc_row][vc_column][vc_column_text] [\/vc_column_text][\/vc_column][\/vc_row]<\/p>\n","protected":false},"author":2,"featured_media":0,"parent":0,"menu_order":0,"comment_status":"closed","ping_status":"closed","template":"","meta":{"footnotes":""},"class_list":["post-274","page","type-page","status-publish","hentry"],"yoast_head":"<!-- This site is optimized with the Yoast SEO plugin v27.4 - https:\/\/yoast.com\/product\/yoast-seo-wordpress\/ -->\n<title>Contact - Studios Stavros<\/title>\n<meta name=\"robots\" content=\"index, follow, max-snippet:-1, max-image-preview:large, max-video-preview:-1\" \/>\n<link rel=\"canonical\" href=\"https:\/\/www.studios-stavros.gr\/fr\/contact\/\" \/>\n<meta property=\"og:locale\" content=\"fr_FR\" \/>\n<meta property=\"og:type\" content=\"article\" \/>\n<meta property=\"og:title\" content=\"Contact - Studios Stavros\" \/>\n<meta property=\"og:description\" content=\"[vc_row][vc_column][rev_slider_vc alias=\u00a0\u00bbcontact_en\u00a0\u00bb][\/vc_column][\/vc_row][vc_row][vc_column width=\u00a0\u00bb1\/3&Prime;][\/vc_column][vc_column width=\u00a0\u00bb1\/3&Prime;][\/vc_column][vc_column width=\u00a0\u00bb1\/3&Prime;][\/vc_column][\/vc_row][vc_row][vc_column][vc_separator color=\u00a0\u00bbcustom\u00a0\u00bb style=\u00a0\u00bbsolid\u00a0\u00bb gap=\u00a0\u00bbtall\u00a0\u00bb el_class=\u00a0\u00bbm-t-sm\u00a0\u00bb][\/vc_column][\/vc_row][vc_row][vc_column width=\u00a0\u00bb1\/2&Prime;][\/vc_column][vc_column width=\u00a0\u00bb1\/2&Prime;][\/vc_column][\/vc_row][vc_row][vc_column][vc_column_text] [\/vc_column_text][\/vc_column][\/vc_row]\" \/>\n<meta property=\"og:url\" content=\"https:\/\/www.studios-stavros.gr\/fr\/contact\/\" \/>\n<meta property=\"og:site_name\" content=\"Studios Stavros\" \/>\n<meta property=\"article:modified_time\" content=\"2019-09-02T07:20:40+00:00\" \/>\n<meta name=\"twitter:card\" content=\"summary_large_image\" \/>\n<meta name=\"twitter:label1\" content=\"Dur\u00e9e de lecture estim\u00e9e\" \/>\n\t<meta name=\"twitter:data1\" content=\"3 minutes\" \/>\n<script type=\"application\/ld+json\" class=\"yoast-schema-graph\">{\"@context\":\"https:\\\/\\\/schema.org\",\"@graph\":[{\"@type\":\"WebPage\",\"@id\":\"https:\\\/\\\/www.studios-stavros.gr\\\/fr\\\/contact\\\/\",\"url\":\"https:\\\/\\\/www.studios-stavros.gr\\\/fr\\\/contact\\\/\",\"name\":\"Contact - Studios Stavros\",\"isPartOf\":{\"@id\":\"https:\\\/\\\/www.studios-stavros.gr\\\/fr\\\/#website\"},\"datePublished\":\"2018-04-24T19:50:12+00:00\",\"dateModified\":\"2019-09-02T07:20:40+00:00\",\"breadcrumb\":{\"@id\":\"https:\\\/\\\/www.studios-stavros.gr\\\/fr\\\/contact\\\/#breadcrumb\"},\"inLanguage\":\"fr-FR\",\"potentialAction\":[{\"@type\":\"ReadAction\",\"target\":[\"https:\\\/\\\/www.studios-stavros.gr\\\/fr\\\/contact\\\/\"]}]},{\"@type\":\"BreadcrumbList\",\"@id\":\"https:\\\/\\\/www.studios-stavros.gr\\\/fr\\\/contact\\\/#breadcrumb\",\"itemListElement\":[{\"@type\":\"ListItem\",\"position\":1,\"name\":\"Home\",\"item\":\"https:\\\/\\\/www.studios-stavros.gr\\\/fr\\\/\"},{\"@type\":\"ListItem\",\"position\":2,\"name\":\"Contact\"}]},{\"@type\":\"WebSite\",\"@id\":\"https:\\\/\\\/www.studios-stavros.gr\\\/fr\\\/#website\",\"url\":\"https:\\\/\\\/www.studios-stavros.gr\\\/fr\\\/\",\"name\":\"Studios Stavros\",\"description\":\"\",\"potentialAction\":[{\"@type\":\"SearchAction\",\"target\":{\"@type\":\"EntryPoint\",\"urlTemplate\":\"https:\\\/\\\/www.studios-stavros.gr\\\/fr\\\/?s={search_term_string}\"},\"query-input\":{\"@type\":\"PropertyValueSpecification\",\"valueRequired\":true,\"valueName\":\"search_term_string\"}}],\"inLanguage\":\"fr-FR\"}]}<\/script>\n<!-- \/ Yoast SEO plugin. -->","yoast_head_json":{"title":"Contact - Studios Stavros","robots":{"index":"index","follow":"follow","max-snippet":"max-snippet:-1","max-image-preview":"max-image-preview:large","max-video-preview":"max-video-preview:-1"},"canonical":"https:\/\/www.studios-stavros.gr\/fr\/contact\/","og_locale":"fr_FR","og_type":"article","og_title":"Contact - Studios Stavros","og_description":"[vc_row][vc_column][rev_slider_vc alias=\u00a0\u00bbcontact_en\u00a0\u00bb][\/vc_column][\/vc_row][vc_row][vc_column width=\u00a0\u00bb1\/3&Prime;][\/vc_column][vc_column width=\u00a0\u00bb1\/3&Prime;][\/vc_column][vc_column width=\u00a0\u00bb1\/3&Prime;][\/vc_column][\/vc_row][vc_row][vc_column][vc_separator color=\u00a0\u00bbcustom\u00a0\u00bb style=\u00a0\u00bbsolid\u00a0\u00bb gap=\u00a0\u00bbtall\u00a0\u00bb el_class=\u00a0\u00bbm-t-sm\u00a0\u00bb][\/vc_column][\/vc_row][vc_row][vc_column width=\u00a0\u00bb1\/2&Prime;][\/vc_column][vc_column width=\u00a0\u00bb1\/2&Prime;][\/vc_column][\/vc_row][vc_row][vc_column][vc_column_text] [\/vc_column_text][\/vc_column][\/vc_row]","og_url":"https:\/\/www.studios-stavros.gr\/fr\/contact\/","og_site_name":"Studios Stavros","article_modified_time":"2019-09-02T07:20:40+00:00","twitter_card":"summary_large_image","twitter_misc":{"Dur\u00e9e de lecture estim\u00e9e":"3 minutes"},"schema":{"@context":"https:\/\/schema.org","@graph":[{"@type":"WebPage","@id":"https:\/\/www.studios-stavros.gr\/fr\/contact\/","url":"https:\/\/www.studios-stavros.gr\/fr\/contact\/","name":"Contact - Studios Stavros","isPartOf":{"@id":"https:\/\/www.studios-stavros.gr\/fr\/#website"},"datePublished":"2018-04-24T19:50:12+00:00","dateModified":"2019-09-02T07:20:40+00:00","breadcrumb":{"@id":"https:\/\/www.studios-stavros.gr\/fr\/contact\/#breadcrumb"},"inLanguage":"fr-FR","potentialAction":[{"@type":"ReadAction","target":["https:\/\/www.studios-stavros.gr\/fr\/contact\/"]}]},{"@type":"BreadcrumbList","@id":"https:\/\/www.studios-stavros.gr\/fr\/contact\/#breadcrumb","itemListElement":[{"@type":"ListItem","position":1,"name":"Home","item":"https:\/\/www.studios-stavros.gr\/fr\/"},{"@type":"ListItem","position":2,"name":"Contact"}]},{"@type":"WebSite","@id":"https:\/\/www.studios-stavros.gr\/fr\/#website","url":"https:\/\/www.studios-stavros.gr\/fr\/","name":"Studios Stavros","description":"","potentialAction":[{"@type":"SearchAction","target":{"@type":"EntryPoint","urlTemplate":"https:\/\/www.studios-stavros.gr\/fr\/?s={search_term_string}"},"query-input":{"@type":"PropertyValueSpecification","valueRequired":true,"valueName":"search_term_string"}}],"inLanguage":"fr-FR"}]}},"jetpack_shortlink":"https:\/\/wp.me\/P9Q9vx-4q","jetpack_sharing_enabled":true,"_links":{"self":[{"href":"https:\/\/www.studios-stavros.gr\/fr\/wp-json\/wp\/v2\/pages\/274","targetHints":{"allow":["GET"]}}],"collection":[{"href":"https:\/\/www.studios-stavros.gr\/fr\/wp-json\/wp\/v2\/pages"}],"about":[{"href":"https:\/\/www.studios-stavros.gr\/fr\/wp-json\/wp\/v2\/types\/page"}],"author":[{"embeddable":true,"href":"https:\/\/www.studios-stavros.gr\/fr\/wp-json\/wp\/v2\/users\/2"}],"replies":[{"embeddable":true,"href":"https:\/\/www.studios-stavros.gr\/fr\/wp-json\/wp\/v2\/comments?post=274"}],"version-history":[{"count":5,"href":"https:\/\/www.studios-stavros.gr\/fr\/wp-json\/wp\/v2\/pages\/274\/revisions"}],"predecessor-version":[{"id":629,"href":"https:\/\/www.studios-stavros.gr\/fr\/wp-json\/wp\/v2\/pages\/274\/revisions\/629"}],"wp:attachment":[{"href":"https:\/\/www.studios-stavros.gr\/fr\/wp-json\/wp\/v2\/media?parent=274"}],"curies":[{"name":"wp","href":"https:\/\/api.w.org\/{rel}","templated":true}]}}