{"id":323,"date":"2018-04-25T00:11:40","date_gmt":"2018-04-24T21:11:40","guid":{"rendered":"https:\/\/www.studios-stavros.gr\/home\/"},"modified":"2018-10-12T01:35:21","modified_gmt":"2018-10-11T22:35:21","slug":"home","status":"publish","type":"page","link":"https:\/\/www.studios-stavros.gr\/fr\/","title":{"rendered":"Home"},"content":{"rendered":"<div class=\"wpb-content-wrapper\"><p>[vc_row content_placement=\u00a0\u00bbmiddle\u00a0\u00bb wrap_container=\u00a0\u00bbyes\u00a0\u00bb is_section=\u00a0\u00bbyes\u00a0\u00bb section_skin=\u00a0\u00bbparallax\u00a0\u00bb remove_margin_top=\u00a0\u00bbyes\u00a0\u00bb remove_margin_bottom=\u00a0\u00bbyes\u00a0\u00bb remove_border=\u00a0\u00bbyes\u00a0\u00bb][vc_column width=\u00a0\u00bb2\/3&Prime; offset=\u00a0\u00bbvc_col-md-8&Prime;][vc_custom_heading text=\u00a0\u00bbStudios Stavros &#8211; Logaras Paros\u00a0\u00bb use_theme_fonts=\u00a0\u00bbyes\u00a0\u00bb el_class=\u00a0\u00bbm-t-md m-b-xs\u00a0\u00bb][vc_column_text]<\/p>\n<p style=\"text-align: justify;\"><span class=\"hps\">Pour des vacances inoubliables<\/span>,\u00a0<span class=\"hps\">nous vous attendons<\/span>\u00a0<span class=\"hps\">\u00e0\u00a0<\/span><strong>\u00a0\u00bb<span class=\"hps\">Studios<\/span>\u00a0<span class=\"hps\">Stavros<\/span>\u00a0\u00bb<\/strong>\u00a0<span class=\"hps\">avec sa<\/span>\u00a0<span class=\"hps\">magnifique vue sur<\/span>\u00a0<span class=\"hps\">la mer<\/span>.<span class=\"hps\">Enti\u00e8rement \u00e9quip\u00e9<\/span>\u00a0<span class=\"hps\">avec cuisine<\/span>, salle de bains, balcon, t\u00e9l\u00e9phone\u00a0<span class=\"hps\">air conditionn\u00e9<\/span>\u00a0<span class=\"hps\">et de la t\u00e9l\u00e9vision<\/span>,\u00a0<span class=\"hps\">dans un environnement<\/span>\u00a0<span class=\"hps\">agr\u00e9able et accueillant.<\/span>\u00a0<span class=\"hps\">Nos<\/span>\u00a0<span class=\"hps\">Studios<\/span>,<span class=\"hps atn\">(<\/span>pour 2 \u00e0 4\u00a0<span class=\"hps\">personnes<\/span>),\u00a0<span class=\"hps\">sont situ\u00e9s<\/span>\u00a0<span class=\"hps\">\u00e0 seulement <strong>20\u00a0<\/strong><\/span><strong><span class=\"hps\">m\u00e8tres de<\/span>\u00a0<span class=\"hps\">la plus belle plage<\/span>\u00a0<span class=\"hps\">de Paros,<\/span>\u00a0<span class=\"hps\">Logaras<\/span><\/strong><span class=\"hps\"><strong>beach.<\/strong>We<\/span>\u00a0<span class=\"hps\">\u00e9galement fournir<\/span>\u00a0<span class=\"hps\">\u00e0 notre<\/span>\u00a0<span class=\"hps\">client\u00e8le<\/span>\u00a0<span class=\"hps\">une connexion Internet<\/span>\u00a0<span class=\"hps atn\">(<\/span>wi.fi)\u00a0<span class=\"hps\">d&rsquo;acc\u00e8s.<\/span>\u00a0<span class=\"hps\">Le service de nettoyage<\/span>\u00a0<span class=\"hps\">est \u00e9galement<\/span>\u00a0<span class=\"hps\">servi tous les jours<\/span>\u00a0<span class=\"hps\">pour tous<\/span>\u00a0<span class=\"hps\">nos studios<\/span>.<\/p>\n<p>[\/vc_column_text][\/vc_column][vc_column width=\u00a0\u00bb1\/3&Prime; offset=\u00a0\u00bbvc_col-md-4&Prime;][vc_single_image image=\u00a0\u00bb82&Prime; img_size=\u00a0\u00bbmedium\u00a0\u00bb alignment=\u00a0\u00bbcenter\u00a0\u00bb el_class=\u00a0\u00bbbox-shadow-custom inline-block m-t-md m-b-md\u00a0\u00bb][\/vc_column][\/vc_row][vc_row][vc_column][vc_video link=\u00a0\u00bbhttps:\/\/www.youtube.com\/watch?v=1tJpuWbkMOE\u00a0\u00bb el_width=\u00a0\u00bb60&Prime; align=\u00a0\u00bbcenter\u00a0\u00bb][\/vc_column][\/vc_row]<\/p>\n<\/div>","protected":false},"excerpt":{"rendered":"<p>[vc_row content_placement=\u00a0\u00bbmiddle\u00a0\u00bb wrap_container=\u00a0\u00bbyes\u00a0\u00bb is_section=\u00a0\u00bbyes\u00a0\u00bb section_skin=\u00a0\u00bbparallax\u00a0\u00bb remove_margin_top=\u00a0\u00bbyes\u00a0\u00bb remove_margin_bottom=\u00a0\u00bbyes\u00a0\u00bb remove_border=\u00a0\u00bbyes\u00a0\u00bb][vc_column width=\u00a0\u00bb2\/3&Prime; offset=\u00a0\u00bbvc_col-md-8&Prime;][vc_custom_heading text=\u00a0\u00bbStudios Stavros &#8211; Logaras Paros\u00a0\u00bb use_theme_fonts=\u00a0\u00bbyes\u00a0\u00bb el_class=\u00a0\u00bbm-t-md m-b-xs\u00a0\u00bb][vc_column_text] Pour des vacances inoubliables,\u00a0nous vous attendons\u00a0\u00e0\u00a0\u00a0\u00bbStudios\u00a0Stavros\u00a0\u00bb\u00a0avec sa\u00a0magnifique vue sur\u00a0la mer.Enti\u00e8rement \u00e9quip\u00e9\u00a0avec cuisine, salle de bains, balcon, t\u00e9l\u00e9phone\u00a0air conditionn\u00e9\u00a0et de la t\u00e9l\u00e9vision,\u00a0dans un environnement\u00a0agr\u00e9able et accueillant.\u00a0Nos\u00a0Studios,(pour 2 \u00e0 4\u00a0personnes),\u00a0sont situ\u00e9s\u00a0\u00e0 seulement 20\u00a0m\u00e8tres de\u00a0la plus belle plage\u00a0de Paros,\u00a0Logarasbeach.We\u00a0\u00e9galement fournir\u00a0\u00e0 [&hellip;]<\/p>\n","protected":false},"author":2,"featured_media":0,"parent":0,"menu_order":0,"comment_status":"closed","ping_status":"closed","template":"","meta":{"footnotes":""},"class_list":["post-323","page","type-page","status-publish","hentry"],"yoast_head":"<!-- This site is optimized with the Yoast SEO plugin v27.5 - https:\/\/yoast.com\/product\/yoast-seo-wordpress\/ -->\n<title>Home - Studios Stavros<\/title>\n<meta name=\"robots\" content=\"index, follow, max-snippet:-1, max-image-preview:large, max-video-preview:-1\" \/>\n<link rel=\"canonical\" href=\"https:\/\/www.studios-stavros.gr\/fr\/\" \/>\n<meta property=\"og:locale\" content=\"fr_FR\" \/>\n<meta property=\"og:type\" content=\"article\" \/>\n<meta property=\"og:title\" content=\"Home - Studios Stavros\" \/>\n<meta property=\"og:description\" content=\"[vc_row content_placement=\u00a0\u00bbmiddle\u00a0\u00bb wrap_container=\u00a0\u00bbyes\u00a0\u00bb is_section=\u00a0\u00bbyes\u00a0\u00bb section_skin=\u00a0\u00bbparallax\u00a0\u00bb remove_margin_top=\u00a0\u00bbyes\u00a0\u00bb remove_margin_bottom=\u00a0\u00bbyes\u00a0\u00bb remove_border=\u00a0\u00bbyes\u00a0\u00bb][vc_column width=\u00a0\u00bb2\/3&Prime; offset=\u00a0\u00bbvc_col-md-8&Prime;][vc_custom_heading text=\u00a0\u00bbStudios Stavros &#8211; Logaras Paros\u00a0\u00bb use_theme_fonts=\u00a0\u00bbyes\u00a0\u00bb el_class=\u00a0\u00bbm-t-md m-b-xs\u00a0\u00bb][vc_column_text] Pour des vacances inoubliables,\u00a0nous vous attendons\u00a0\u00e0\u00a0\u00a0\u00bbStudios\u00a0Stavros\u00a0\u00bb\u00a0avec sa\u00a0magnifique vue sur\u00a0la mer.Enti\u00e8rement \u00e9quip\u00e9\u00a0avec cuisine, salle de bains, balcon, t\u00e9l\u00e9phone\u00a0air conditionn\u00e9\u00a0et de la t\u00e9l\u00e9vision,\u00a0dans un environnement\u00a0agr\u00e9able et accueillant.\u00a0Nos\u00a0Studios,(pour 2 \u00e0 4\u00a0personnes),\u00a0sont situ\u00e9s\u00a0\u00e0 seulement 20\u00a0m\u00e8tres de\u00a0la plus belle plage\u00a0de Paros,\u00a0Logarasbeach.We\u00a0\u00e9galement fournir\u00a0\u00e0 [&hellip;]\" \/>\n<meta property=\"og:url\" content=\"https:\/\/www.studios-stavros.gr\/fr\/\" \/>\n<meta property=\"og:site_name\" content=\"Studios Stavros\" \/>\n<meta property=\"article:modified_time\" content=\"2018-10-11T22:35:21+00:00\" \/>\n<meta name=\"twitter:card\" content=\"summary_large_image\" \/>\n<meta name=\"twitter:label1\" content=\"Dur\u00e9e de lecture estim\u00e9e\" \/>\n\t<meta name=\"twitter:data1\" content=\"1 minute\" \/>\n<script type=\"application\/ld+json\" class=\"yoast-schema-graph\">{\"@context\":\"https:\\\/\\\/schema.org\",\"@graph\":[{\"@type\":\"WebPage\",\"@id\":\"https:\\\/\\\/www.studios-stavros.gr\\\/fr\\\/\",\"url\":\"https:\\\/\\\/www.studios-stavros.gr\\\/fr\\\/\",\"name\":\"Home - Studios Stavros\",\"isPartOf\":{\"@id\":\"https:\\\/\\\/www.studios-stavros.gr\\\/fr\\\/#website\"},\"datePublished\":\"2018-04-24T21:11:40+00:00\",\"dateModified\":\"2018-10-11T22:35:21+00:00\",\"breadcrumb\":{\"@id\":\"https:\\\/\\\/www.studios-stavros.gr\\\/fr\\\/#breadcrumb\"},\"inLanguage\":\"fr-FR\",\"potentialAction\":[{\"@type\":\"ReadAction\",\"target\":[\"https:\\\/\\\/www.studios-stavros.gr\\\/fr\\\/\"]}]},{\"@type\":\"BreadcrumbList\",\"@id\":\"https:\\\/\\\/www.studios-stavros.gr\\\/fr\\\/#breadcrumb\",\"itemListElement\":[{\"@type\":\"ListItem\",\"position\":1,\"name\":\"Home\",\"item\":\"https:\\\/\\\/www.studios-stavros.gr\\\/fr\\\/\"},{\"@type\":\"ListItem\",\"position\":2,\"name\":\"Home\"}]},{\"@type\":\"WebSite\",\"@id\":\"https:\\\/\\\/www.studios-stavros.gr\\\/fr\\\/#website\",\"url\":\"https:\\\/\\\/www.studios-stavros.gr\\\/fr\\\/\",\"name\":\"Studios Stavros\",\"description\":\"\",\"potentialAction\":[{\"@type\":\"SearchAction\",\"target\":{\"@type\":\"EntryPoint\",\"urlTemplate\":\"https:\\\/\\\/www.studios-stavros.gr\\\/fr\\\/?s={search_term_string}\"},\"query-input\":{\"@type\":\"PropertyValueSpecification\",\"valueRequired\":true,\"valueName\":\"search_term_string\"}}],\"inLanguage\":\"fr-FR\"}]}<\/script>\n<!-- \/ Yoast SEO plugin. -->","yoast_head_json":{"title":"Home - Studios Stavros","robots":{"index":"index","follow":"follow","max-snippet":"max-snippet:-1","max-image-preview":"max-image-preview:large","max-video-preview":"max-video-preview:-1"},"canonical":"https:\/\/www.studios-stavros.gr\/fr\/","og_locale":"fr_FR","og_type":"article","og_title":"Home - Studios Stavros","og_description":"[vc_row content_placement=\u00a0\u00bbmiddle\u00a0\u00bb wrap_container=\u00a0\u00bbyes\u00a0\u00bb is_section=\u00a0\u00bbyes\u00a0\u00bb section_skin=\u00a0\u00bbparallax\u00a0\u00bb remove_margin_top=\u00a0\u00bbyes\u00a0\u00bb remove_margin_bottom=\u00a0\u00bbyes\u00a0\u00bb remove_border=\u00a0\u00bbyes\u00a0\u00bb][vc_column width=\u00a0\u00bb2\/3&Prime; offset=\u00a0\u00bbvc_col-md-8&Prime;][vc_custom_heading text=\u00a0\u00bbStudios Stavros &#8211; Logaras Paros\u00a0\u00bb use_theme_fonts=\u00a0\u00bbyes\u00a0\u00bb el_class=\u00a0\u00bbm-t-md m-b-xs\u00a0\u00bb][vc_column_text] Pour des vacances inoubliables,\u00a0nous vous attendons\u00a0\u00e0\u00a0\u00a0\u00bbStudios\u00a0Stavros\u00a0\u00bb\u00a0avec sa\u00a0magnifique vue sur\u00a0la mer.Enti\u00e8rement \u00e9quip\u00e9\u00a0avec cuisine, salle de bains, balcon, t\u00e9l\u00e9phone\u00a0air conditionn\u00e9\u00a0et de la t\u00e9l\u00e9vision,\u00a0dans un environnement\u00a0agr\u00e9able et accueillant.\u00a0Nos\u00a0Studios,(pour 2 \u00e0 4\u00a0personnes),\u00a0sont situ\u00e9s\u00a0\u00e0 seulement 20\u00a0m\u00e8tres de\u00a0la plus belle plage\u00a0de Paros,\u00a0Logarasbeach.We\u00a0\u00e9galement fournir\u00a0\u00e0 [&hellip;]","og_url":"https:\/\/www.studios-stavros.gr\/fr\/","og_site_name":"Studios Stavros","article_modified_time":"2018-10-11T22:35:21+00:00","twitter_card":"summary_large_image","twitter_misc":{"Dur\u00e9e de lecture estim\u00e9e":"1 minute"},"schema":{"@context":"https:\/\/schema.org","@graph":[{"@type":"WebPage","@id":"https:\/\/www.studios-stavros.gr\/fr\/","url":"https:\/\/www.studios-stavros.gr\/fr\/","name":"Home - Studios Stavros","isPartOf":{"@id":"https:\/\/www.studios-stavros.gr\/fr\/#website"},"datePublished":"2018-04-24T21:11:40+00:00","dateModified":"2018-10-11T22:35:21+00:00","breadcrumb":{"@id":"https:\/\/www.studios-stavros.gr\/fr\/#breadcrumb"},"inLanguage":"fr-FR","potentialAction":[{"@type":"ReadAction","target":["https:\/\/www.studios-stavros.gr\/fr\/"]}]},{"@type":"BreadcrumbList","@id":"https:\/\/www.studios-stavros.gr\/fr\/#breadcrumb","itemListElement":[{"@type":"ListItem","position":1,"name":"Home","item":"https:\/\/www.studios-stavros.gr\/fr\/"},{"@type":"ListItem","position":2,"name":"Home"}]},{"@type":"WebSite","@id":"https:\/\/www.studios-stavros.gr\/fr\/#website","url":"https:\/\/www.studios-stavros.gr\/fr\/","name":"Studios Stavros","description":"","potentialAction":[{"@type":"SearchAction","target":{"@type":"EntryPoint","urlTemplate":"https:\/\/www.studios-stavros.gr\/fr\/?s={search_term_string}"},"query-input":{"@type":"PropertyValueSpecification","valueRequired":true,"valueName":"search_term_string"}}],"inLanguage":"fr-FR"}]}},"jetpack_shortlink":"https:\/\/wp.me\/P9Q9vx-5d","jetpack_sharing_enabled":true,"_links":{"self":[{"href":"https:\/\/www.studios-stavros.gr\/fr\/wp-json\/wp\/v2\/pages\/323","targetHints":{"allow":["GET"]}}],"collection":[{"href":"https:\/\/www.studios-stavros.gr\/fr\/wp-json\/wp\/v2\/pages"}],"about":[{"href":"https:\/\/www.studios-stavros.gr\/fr\/wp-json\/wp\/v2\/types\/page"}],"author":[{"embeddable":true,"href":"https:\/\/www.studios-stavros.gr\/fr\/wp-json\/wp\/v2\/users\/2"}],"replies":[{"embeddable":true,"href":"https:\/\/www.studios-stavros.gr\/fr\/wp-json\/wp\/v2\/comments?post=323"}],"version-history":[{"count":4,"href":"https:\/\/www.studios-stavros.gr\/fr\/wp-json\/wp\/v2\/pages\/323\/revisions"}],"predecessor-version":[{"id":529,"href":"https:\/\/www.studios-stavros.gr\/fr\/wp-json\/wp\/v2\/pages\/323\/revisions\/529"}],"wp:attachment":[{"href":"https:\/\/www.studios-stavros.gr\/fr\/wp-json\/wp\/v2\/media?parent=323"}],"curies":[{"name":"wp","href":"https:\/\/api.w.org\/{rel}","templated":true}]}}