{"id":394,"date":"2018-04-25T00:36:44","date_gmt":"2018-04-24T21:36:44","guid":{"rendered":"https:\/\/www.studios-stavros.gr\/chambres\/"},"modified":"2019-05-22T19:53:04","modified_gmt":"2019-05-22T16:53:04","slug":"chambres","status":"publish","type":"page","link":"https:\/\/www.studios-stavros.gr\/fr\/chambres\/","title":{"rendered":"Chambres"},"content":{"rendered":"<div class=\"wpb-content-wrapper\"><p>[vc_row content_placement=\u00a0\u00bbmiddle\u00a0\u00bb][vc_column][vc_custom_heading text=\u00a0\u00bbChambres\u00a0\u00bb use_theme_fonts=\u00a0\u00bbyes\u00a0\u00bb el_class=\u00a0\u00bbm-b-xs\u00a0\u00bb][vc_row_inner][vc_column_inner width=\u00a0\u00bb1\/4&Prime;][vc_single_image image=\u00a0\u00bb124&Prime; img_size=\u00a0\u00bbmedium\u00a0\u00bb][\/vc_column_inner][vc_column_inner width=\u00a0\u00bb3\/4&Prime;][vc_column_text el_class=\u00a0\u00bbm-b-xxl\u00a0\u00bb]<\/p>\n<p style=\"text-align: justify;\"><span class=\"hps\">A<\/span>\u00a0<span class=\"hps\">l&rsquo;endroit le plus<\/span>\u00a0<span class=\"hps\">beau<\/span>\u00a0<span class=\"hps\">de Logaras<\/span>,\u00a0<span class=\"hps\">dans un<\/span>\u00a0<span class=\"hps\">cadre calme et chaleureux<\/span>\u00a0<span class=\"hps\">et accueillant<\/span>,\u00a0<span class=\"hps\">\u00e0 seulement 20m de<\/span>\u00a0<span class=\"hps\">la magnifique plage de<\/span>\u00a0<span class=\"hps\">Logaras<\/span>,\u00a0<span class=\"hps atn\">est \u00ab<\/span>Stavros<span class=\"atn\">&#8211;<\/span>Studios\u00a0\u00bb, construit\u00a0<span class=\"hps\">selon l&rsquo;architecture<\/span>\u00a0<span class=\"hps\">cycladique<\/span>.\u00a0<span class=\"hps\">Toutes les chambres disposent<\/span>\u00a0<span class=\"hps\">d&rsquo;une v\u00e9randa priv\u00e9e<\/span>\u00a0<span class=\"hps\">avec une vue<\/span>\u00a0<span class=\"hps\">imprenable sur la mer<\/span>,\u00a0<span class=\"hps\">d&rsquo;o\u00f9 l&rsquo;on<\/span>\u00a0<span class=\"hps\">peut<\/span>\u00a0<span class=\"hps\">profiter du soleil<\/span>\u00a0<span class=\"hps\">unique.\u00a0<\/span><span class=\"hps\">Les chambres sont<\/span>\u00a0<span class=\"hps atn\">climatis\u00e9es et \u00e9quip\u00e9es d&rsquo;<\/span>un r\u00e9frig\u00e9rateur, d&rsquo;une t\u00e9l\u00e9vision,\u00a0<span class=\"hps\">d&rsquo;une<\/span>\u00a0<span class=\"hps\">petite cuisini\u00e8re<\/span>\u00a0<span class=\"hps\">et<\/span>\u00a0<span class=\"hps\">service de nettoyage quotidien<\/span>.\u00a0<span class=\"hps\">R\u00e9ception,<\/span>\u00a0<span class=\"hps\">fax,<\/span>\u00a0<span class=\"hps\">acc\u00e8s internet wifi gratuit<\/span>\u00a0<span class=\"hps\">et<\/span>\u00a0<span class=\"hps\">un parking sont<\/span>\u00a0<span class=\"hps\">\u00e0 la disposition de<\/span>\u00a0<span class=\"hps\">nos clients.<\/span><\/p>\n<p>[\/vc_column_text][\/vc_column_inner][\/vc_row_inner][\/vc_column][\/vc_row][vc_row][vc_column][vc_video link=\u00a0\u00bbhttps:\/\/www.youtube.com\/watch?v=hU96tBnPGRo\u00a0\u00bb align=\u00a0\u00bbcenter\u00a0\u00bb][\/vc_column][\/vc_row][vc_row][vc_column][vc_gallery type=\u00a0\u00bbimage_grid\u00a0\u00bb images=\u00a0\u00bb331,334,337,340,343,346,349,352,579,588,585,582,370,373,376,382,379&Prime;][\/vc_column][\/vc_row]<\/p>\n<\/div>","protected":false},"excerpt":{"rendered":"<p>[vc_row content_placement=\u00a0\u00bbmiddle\u00a0\u00bb][vc_column][vc_custom_heading text=\u00a0\u00bbChambres\u00a0\u00bb use_theme_fonts=\u00a0\u00bbyes\u00a0\u00bb el_class=\u00a0\u00bbm-b-xs\u00a0\u00bb][vc_row_inner][vc_column_inner width=\u00a0\u00bb1\/4&Prime;][vc_single_image image=\u00a0\u00bb124&Prime; img_size=\u00a0\u00bbmedium\u00a0\u00bb][\/vc_column_inner][vc_column_inner width=\u00a0\u00bb3\/4&Prime;][vc_column_text el_class=\u00a0\u00bbm-b-xxl\u00a0\u00bb] A\u00a0l&rsquo;endroit le plus\u00a0beau\u00a0de Logaras,\u00a0dans un\u00a0cadre calme et chaleureux\u00a0et accueillant,\u00a0\u00e0 seulement 20m de\u00a0la magnifique plage de\u00a0Logaras,\u00a0est \u00abStavros&#8211;Studios\u00a0\u00bb, construit\u00a0selon l&rsquo;architecture\u00a0cycladique.\u00a0Toutes les chambres disposent\u00a0d&rsquo;une v\u00e9randa priv\u00e9e\u00a0avec une vue\u00a0imprenable sur la mer,\u00a0d&rsquo;o\u00f9 l&rsquo;on\u00a0peut\u00a0profiter du soleil\u00a0unique.\u00a0Les chambres sont\u00a0climatis\u00e9es et \u00e9quip\u00e9es d&rsquo;un r\u00e9frig\u00e9rateur, d&rsquo;une t\u00e9l\u00e9vision,\u00a0d&rsquo;une\u00a0petite cuisini\u00e8re\u00a0et\u00a0service de nettoyage quotidien.\u00a0R\u00e9ception,\u00a0fax,\u00a0acc\u00e8s internet wifi [&hellip;]<\/p>\n","protected":false},"author":2,"featured_media":0,"parent":0,"menu_order":0,"comment_status":"closed","ping_status":"closed","template":"","meta":{"footnotes":""},"class_list":["post-394","page","type-page","status-publish","hentry"],"yoast_head":"<!-- This site is optimized with the Yoast SEO plugin v27.3 - https:\/\/yoast.com\/product\/yoast-seo-wordpress\/ -->\n<title>Chambres - Studios Stavros<\/title>\n<meta name=\"robots\" content=\"index, follow, max-snippet:-1, max-image-preview:large, max-video-preview:-1\" \/>\n<link rel=\"canonical\" href=\"https:\/\/www.studios-stavros.gr\/fr\/chambres\/\" \/>\n<meta property=\"og:locale\" content=\"fr_FR\" \/>\n<meta property=\"og:type\" content=\"article\" \/>\n<meta property=\"og:title\" content=\"Chambres - Studios Stavros\" \/>\n<meta property=\"og:description\" content=\"[vc_row content_placement=\u00a0\u00bbmiddle\u00a0\u00bb][vc_column][vc_custom_heading text=\u00a0\u00bbChambres\u00a0\u00bb use_theme_fonts=\u00a0\u00bbyes\u00a0\u00bb el_class=\u00a0\u00bbm-b-xs\u00a0\u00bb][vc_row_inner][vc_column_inner width=\u00a0\u00bb1\/4&Prime;][vc_single_image image=\u00a0\u00bb124&Prime; img_size=\u00a0\u00bbmedium\u00a0\u00bb][\/vc_column_inner][vc_column_inner width=\u00a0\u00bb3\/4&Prime;][vc_column_text el_class=\u00a0\u00bbm-b-xxl\u00a0\u00bb] A\u00a0l&rsquo;endroit le plus\u00a0beau\u00a0de Logaras,\u00a0dans un\u00a0cadre calme et chaleureux\u00a0et accueillant,\u00a0\u00e0 seulement 20m de\u00a0la magnifique plage de\u00a0Logaras,\u00a0est \u00abStavros&#8211;Studios\u00a0\u00bb, construit\u00a0selon l&rsquo;architecture\u00a0cycladique.\u00a0Toutes les chambres disposent\u00a0d&rsquo;une v\u00e9randa priv\u00e9e\u00a0avec une vue\u00a0imprenable sur la mer,\u00a0d&rsquo;o\u00f9 l&rsquo;on\u00a0peut\u00a0profiter du soleil\u00a0unique.\u00a0Les chambres sont\u00a0climatis\u00e9es et \u00e9quip\u00e9es d&rsquo;un r\u00e9frig\u00e9rateur, d&rsquo;une t\u00e9l\u00e9vision,\u00a0d&rsquo;une\u00a0petite cuisini\u00e8re\u00a0et\u00a0service de nettoyage quotidien.\u00a0R\u00e9ception,\u00a0fax,\u00a0acc\u00e8s internet wifi [&hellip;]\" \/>\n<meta property=\"og:url\" content=\"https:\/\/www.studios-stavros.gr\/fr\/chambres\/\" \/>\n<meta property=\"og:site_name\" content=\"Studios Stavros\" \/>\n<meta property=\"article:modified_time\" content=\"2019-05-22T16:53:04+00:00\" \/>\n<meta name=\"twitter:card\" content=\"summary_large_image\" \/>\n<meta name=\"twitter:label1\" content=\"Dur\u00e9e de lecture estim\u00e9e\" \/>\n\t<meta name=\"twitter:data1\" content=\"1 minute\" \/>\n<script type=\"application\/ld+json\" class=\"yoast-schema-graph\">{\"@context\":\"https:\\\/\\\/schema.org\",\"@graph\":[{\"@type\":\"WebPage\",\"@id\":\"https:\\\/\\\/www.studios-stavros.gr\\\/fr\\\/chambres\\\/\",\"url\":\"https:\\\/\\\/www.studios-stavros.gr\\\/fr\\\/chambres\\\/\",\"name\":\"Chambres - Studios Stavros\",\"isPartOf\":{\"@id\":\"https:\\\/\\\/www.studios-stavros.gr\\\/fr\\\/#website\"},\"datePublished\":\"2018-04-24T21:36:44+00:00\",\"dateModified\":\"2019-05-22T16:53:04+00:00\",\"breadcrumb\":{\"@id\":\"https:\\\/\\\/www.studios-stavros.gr\\\/fr\\\/chambres\\\/#breadcrumb\"},\"inLanguage\":\"fr-FR\",\"potentialAction\":[{\"@type\":\"ReadAction\",\"target\":[\"https:\\\/\\\/www.studios-stavros.gr\\\/fr\\\/chambres\\\/\"]}]},{\"@type\":\"BreadcrumbList\",\"@id\":\"https:\\\/\\\/www.studios-stavros.gr\\\/fr\\\/chambres\\\/#breadcrumb\",\"itemListElement\":[{\"@type\":\"ListItem\",\"position\":1,\"name\":\"Home\",\"item\":\"https:\\\/\\\/www.studios-stavros.gr\\\/fr\\\/\"},{\"@type\":\"ListItem\",\"position\":2,\"name\":\"Chambres\"}]},{\"@type\":\"WebSite\",\"@id\":\"https:\\\/\\\/www.studios-stavros.gr\\\/fr\\\/#website\",\"url\":\"https:\\\/\\\/www.studios-stavros.gr\\\/fr\\\/\",\"name\":\"Studios Stavros\",\"description\":\"\",\"potentialAction\":[{\"@type\":\"SearchAction\",\"target\":{\"@type\":\"EntryPoint\",\"urlTemplate\":\"https:\\\/\\\/www.studios-stavros.gr\\\/fr\\\/?s={search_term_string}\"},\"query-input\":{\"@type\":\"PropertyValueSpecification\",\"valueRequired\":true,\"valueName\":\"search_term_string\"}}],\"inLanguage\":\"fr-FR\"}]}<\/script>\n<!-- \/ Yoast SEO plugin. -->","yoast_head_json":{"title":"Chambres - Studios Stavros","robots":{"index":"index","follow":"follow","max-snippet":"max-snippet:-1","max-image-preview":"max-image-preview:large","max-video-preview":"max-video-preview:-1"},"canonical":"https:\/\/www.studios-stavros.gr\/fr\/chambres\/","og_locale":"fr_FR","og_type":"article","og_title":"Chambres - Studios Stavros","og_description":"[vc_row content_placement=\u00a0\u00bbmiddle\u00a0\u00bb][vc_column][vc_custom_heading text=\u00a0\u00bbChambres\u00a0\u00bb use_theme_fonts=\u00a0\u00bbyes\u00a0\u00bb el_class=\u00a0\u00bbm-b-xs\u00a0\u00bb][vc_row_inner][vc_column_inner width=\u00a0\u00bb1\/4&Prime;][vc_single_image image=\u00a0\u00bb124&Prime; img_size=\u00a0\u00bbmedium\u00a0\u00bb][\/vc_column_inner][vc_column_inner width=\u00a0\u00bb3\/4&Prime;][vc_column_text el_class=\u00a0\u00bbm-b-xxl\u00a0\u00bb] A\u00a0l&rsquo;endroit le plus\u00a0beau\u00a0de Logaras,\u00a0dans un\u00a0cadre calme et chaleureux\u00a0et accueillant,\u00a0\u00e0 seulement 20m de\u00a0la magnifique plage de\u00a0Logaras,\u00a0est \u00abStavros&#8211;Studios\u00a0\u00bb, construit\u00a0selon l&rsquo;architecture\u00a0cycladique.\u00a0Toutes les chambres disposent\u00a0d&rsquo;une v\u00e9randa priv\u00e9e\u00a0avec une vue\u00a0imprenable sur la mer,\u00a0d&rsquo;o\u00f9 l&rsquo;on\u00a0peut\u00a0profiter du soleil\u00a0unique.\u00a0Les chambres sont\u00a0climatis\u00e9es et \u00e9quip\u00e9es d&rsquo;un r\u00e9frig\u00e9rateur, d&rsquo;une t\u00e9l\u00e9vision,\u00a0d&rsquo;une\u00a0petite cuisini\u00e8re\u00a0et\u00a0service de nettoyage quotidien.\u00a0R\u00e9ception,\u00a0fax,\u00a0acc\u00e8s internet wifi [&hellip;]","og_url":"https:\/\/www.studios-stavros.gr\/fr\/chambres\/","og_site_name":"Studios Stavros","article_modified_time":"2019-05-22T16:53:04+00:00","twitter_card":"summary_large_image","twitter_misc":{"Dur\u00e9e de lecture estim\u00e9e":"1 minute"},"schema":{"@context":"https:\/\/schema.org","@graph":[{"@type":"WebPage","@id":"https:\/\/www.studios-stavros.gr\/fr\/chambres\/","url":"https:\/\/www.studios-stavros.gr\/fr\/chambres\/","name":"Chambres - Studios Stavros","isPartOf":{"@id":"https:\/\/www.studios-stavros.gr\/fr\/#website"},"datePublished":"2018-04-24T21:36:44+00:00","dateModified":"2019-05-22T16:53:04+00:00","breadcrumb":{"@id":"https:\/\/www.studios-stavros.gr\/fr\/chambres\/#breadcrumb"},"inLanguage":"fr-FR","potentialAction":[{"@type":"ReadAction","target":["https:\/\/www.studios-stavros.gr\/fr\/chambres\/"]}]},{"@type":"BreadcrumbList","@id":"https:\/\/www.studios-stavros.gr\/fr\/chambres\/#breadcrumb","itemListElement":[{"@type":"ListItem","position":1,"name":"Home","item":"https:\/\/www.studios-stavros.gr\/fr\/"},{"@type":"ListItem","position":2,"name":"Chambres"}]},{"@type":"WebSite","@id":"https:\/\/www.studios-stavros.gr\/fr\/#website","url":"https:\/\/www.studios-stavros.gr\/fr\/","name":"Studios Stavros","description":"","potentialAction":[{"@type":"SearchAction","target":{"@type":"EntryPoint","urlTemplate":"https:\/\/www.studios-stavros.gr\/fr\/?s={search_term_string}"},"query-input":{"@type":"PropertyValueSpecification","valueRequired":true,"valueName":"search_term_string"}}],"inLanguage":"fr-FR"}]}},"jetpack_shortlink":"https:\/\/wp.me\/P9Q9vx-6m","jetpack_sharing_enabled":true,"_links":{"self":[{"href":"https:\/\/www.studios-stavros.gr\/fr\/wp-json\/wp\/v2\/pages\/394","targetHints":{"allow":["GET"]}}],"collection":[{"href":"https:\/\/www.studios-stavros.gr\/fr\/wp-json\/wp\/v2\/pages"}],"about":[{"href":"https:\/\/www.studios-stavros.gr\/fr\/wp-json\/wp\/v2\/types\/page"}],"author":[{"embeddable":true,"href":"https:\/\/www.studios-stavros.gr\/fr\/wp-json\/wp\/v2\/users\/2"}],"replies":[{"embeddable":true,"href":"https:\/\/www.studios-stavros.gr\/fr\/wp-json\/wp\/v2\/comments?post=394"}],"version-history":[{"count":4,"href":"https:\/\/www.studios-stavros.gr\/fr\/wp-json\/wp\/v2\/pages\/394\/revisions"}],"predecessor-version":[{"id":593,"href":"https:\/\/www.studios-stavros.gr\/fr\/wp-json\/wp\/v2\/pages\/394\/revisions\/593"}],"wp:attachment":[{"href":"https:\/\/www.studios-stavros.gr\/fr\/wp-json\/wp\/v2\/media?parent=394"}],"curies":[{"name":"wp","href":"https:\/\/api.w.org\/{rel}","templated":true}]}}